{"id":214,"date":"2009-11-04T17:23:55","date_gmt":"2009-11-04T16:23:55","guid":{"rendered":"http:\/\/www.michaellange.info\/?page_id=214"},"modified":"2025-11-14T18:45:05","modified_gmt":"2025-11-14T17:45:05","slug":"du-bist-eine-marke","status":"publish","type":"page","link":"http:\/\/www.michaellange.info\/?page_id=214","title":{"rendered":"Du bist eine Marke"},"content":{"rendered":"\n<h2 class=\"wp-block-heading\">Personal Branding in Netzcommunitys<\/h2>\n\n\n\n<p><span style=\"font-weight: bold;\">Kreative Workshops f\u00fcr Jugendliche zu Identit\u00e4t und Privatsph\u00e4re in sozialen Netzwerken<\/span><\/p>\n\n\n\n<p><img decoding=\"async\" border=\"0\" align=\"right\" style=\"margin-bottom: 10px; margin-left: 10px;\" src=\"http:\/\/www.metaversa.de\/www\/Dateien\/facebook_luisa_klein.jpg\" alt=\"Myspace Profilseite\">&#8222;Personal Branding&#8220; bedeutet den Aufbau einer m\u00f6glichst perfekten Identit\u00e4t im Internet, mit der man nicht nur die richtigen Freunde gewinnt, sondern vor allem auch der beruflichen Karriere einen entscheidenden Schwung verpassen kann.<\/p>\n\n\n\n<p>In dreit\u00e4gigen Workshop wird \u00fcber M\u00f6glichkeiten diskutiert, wie man sich in verschiedenen Communitys darstellen kann und es wird gemeinsam \u00fcberlegt, was dabei eher f\u00f6rderlich ist oder was hinderlich.<\/p>\n\n\n\n<p>Im praktischen Teil wird am Computer eine gefakte Identit\u00e4t erschaffen, f\u00fcr die in verschiedenen Communitys Profile angelegt, Diskussionsbeitr\u00e4ge er\u00f6ffnet, Weblogartikel geschrieben und nat\u00fcrlich die richtigen Freunde hinzuf\u00fcgt werden. Dabei wird auch vor Bildmanipulationen und gefakten Videos nicht zur\u00fcckgeschreckt.<\/p>\n\n\n\n<p>Die \u00fcberwiegende Mehrheit von Jugendlichen nutzt heute soziale Communitys zur Kommunikation mit Gleichaltrigen und zur Selbstdarstellung. Oft wird dabei nicht bedacht, dass nicht nur der Freundeskreis hier Zugang hat, sondern viele Daten \u00f6ffentlich zug\u00e4nglich sind. Von p\u00e4dagogischer Seite werden Jugendliche oft gemahnt, hier m\u00f6glichst keine privaten Informationen preiszugeben oder eventuell mit peinlichen Fotos Einstellungschancen bei Arbeitgebern, die inzwischen nat\u00fcrlich auch nach Bewerbernamen googeln, drastisch zu vermindern.<\/p>\n\n\n\n<p>Dieser warnende p\u00e4dagogische Zeigefinger kommt erfahrungsgem\u00e4\u00df bei Jugendlichen nicht gut an. Mit dem Workshop werden deshalb die positiven Seiten der Selbstdarstellung im Internet erforscht. Ein interessantes Profil in einer oder mehreren Communitys, ein eigenes Weblog mit spannenden Beitr\u00c3\u00a4gen oder die gut zusammengestellte \u00f6ffentliche Bookmarkliste kann auch dazu beitragen, einen Stellenbewerber als engagiert und am Thema interessiert darzustellen. Wenn gemeinsam und kreativ an einer perfekten Netzidentit\u00e4t gearbeitet wird, wird automatisch sensibilisiert f\u00fcr die Gefahr, die die \u00f6ffentliche Darstellung der eigenen Identit\u00e4t im Netz ebenfalls bedeutet.<\/p>\n\n\n\n<p><span style=\"font-weight: bold;\">1. Workshop<\/span> vom 21.-23. August in den Sommerferien 2009: <a href=\"http:\/\/www.metaversa.de\/www\/index.php?Seite=44\"><span style=\"font-weight: bold;\">Bericht und Ergebnisse<\/span><\/a><\/p>\n","protected":false},"excerpt":{"rendered":"<p>Personal Branding in Netzcommunitys Kreative Workshops f\u00fcr Jugendliche zu Identit\u00e4t und Privatsph\u00e4re in sozialen Netzwerken &#8222;Personal Branding&#8220; bedeutet den Aufbau einer m\u00f6glichst perfekten Identit\u00e4t im Internet, mit der man nicht nur die richtigen Freunde gewinnt, sondern vor allem auch der beruflichen Karriere einen entscheidenden Schwung verpassen kann. In dreit\u00e4gigen Workshop&#8230;<\/p>\n<p> <a class=\"continue-reading-link\" href=\"http:\/\/www.michaellange.info\/?page_id=214\"><span>Continue reading<\/span><i class=\"crycon-right-dir\"><\/i><\/a> <\/p>\n","protected":false},"author":1,"featured_media":0,"parent":135,"menu_order":0,"comment_status":"closed","ping_status":"closed","template":"","meta":{"footnotes":""},"class_list":["post-214","page","type-page","status-publish","hentry"],"_links":{"self":[{"href":"http:\/\/www.michaellange.info\/index.php?rest_route=\/wp\/v2\/pages\/214","targetHints":{"allow":["GET"]}}],"collection":[{"href":"http:\/\/www.michaellange.info\/index.php?rest_route=\/wp\/v2\/pages"}],"about":[{"href":"http:\/\/www.michaellange.info\/index.php?rest_route=\/wp\/v2\/types\/page"}],"author":[{"embeddable":true,"href":"http:\/\/www.michaellange.info\/index.php?rest_route=\/wp\/v2\/users\/1"}],"replies":[{"embeddable":true,"href":"http:\/\/www.michaellange.info\/index.php?rest_route=%2Fwp%2Fv2%2Fcomments&post=214"}],"version-history":[{"count":6,"href":"http:\/\/www.michaellange.info\/index.php?rest_route=\/wp\/v2\/pages\/214\/revisions"}],"predecessor-version":[{"id":571,"href":"http:\/\/www.michaellange.info\/index.php?rest_route=\/wp\/v2\/pages\/214\/revisions\/571"}],"up":[{"embeddable":true,"href":"http:\/\/www.michaellange.info\/index.php?rest_route=\/wp\/v2\/pages\/135"}],"wp:attachment":[{"href":"http:\/\/www.michaellange.info\/index.php?rest_route=%2Fwp%2Fv2%2Fmedia&parent=214"}],"curies":[{"name":"wp","href":"https:\/\/api.w.org\/{rel}","templated":true}]}}